{"id":31,"date":"2024-01-26T12:04:47","date_gmt":"2024-01-26T11:04:47","guid":{"rendered":"https:\/\/dev-site.se\/sutars.com\/varukorg\/"},"modified":"2025-10-21T22:07:16","modified_gmt":"2025-10-21T20:07:16","slug":"shopping-cart","status":"publish","type":"page","link":"https:\/\/sutars.com\/en\/shopping-cart\/","title":{"rendered":"Shopping Cart"},"content":{"rendered":"\t\t<div data-elementor-type=\"wp-page\" data-elementor-id=\"31\" class=\"elementor elementor-31\" data-elementor-post-type=\"page\">\n\t\t\t\t<div data-particle_enable=\"false\" data-particle-mobile-disabled=\"false\" class=\"elementor-element elementor-element-dc2d98c e-flex e-con-boxed e-con e-parent\" data-id=\"dc2d98c\" data-element_type=\"container\">\n\t\t\t\t\t<div class=\"e-con-inner\">\n\t\t<div data-particle_enable=\"false\" data-particle-mobile-disabled=\"false\" class=\"elementor-element elementor-element-fc80fe4 e-con-full e-flex e-con e-child\" data-id=\"fc80fe4\" data-element_type=\"container\">\n\t\t\t\t<div class=\"elementor-element elementor-element-be898d3 elementor-widget__width-inherit elementor-widget elementor-widget-heading\" data-id=\"be898d3\" data-element_type=\"widget\" data-widget_type=\"heading.default\">\n\t\t\t\t<div class=\"elementor-widget-container\">\n\t\t\t\t\t<h1 class=\"elementor-heading-title elementor-size-default\">Shopping Cart<\/h1>\t\t\t\t<\/div>\n\t\t\t\t<\/div>\n\t\t\t\t<\/div>\n\t\t\t\t<div class=\"elementor-element elementor-element-5608e62 e-cart-layout-two-column elementor-widget elementor-widget-woocommerce-cart\" data-id=\"5608e62\" data-element_type=\"widget\" data-widget_type=\"woocommerce-cart.default\">\n\t\t\t\t<div class=\"elementor-widget-container\">\n\t\t\t\t\t<div class=\"woocommerce\"><div class=\"woocommerce-notices-wrapper\"><\/div><div class=\"wc-empty-cart-message\">\n\t<div class=\"cart-empty woocommerce-info\" role=\"status\">\n\t\tYour basket is currently empty.\t<\/div>\n<\/div>\t<p class=\"return-to-shop\">\n\t\t<a class=\"button wc-backward\" href=\"https:\/\/sutars.com\/en\/products-and-services\/\">\n\t\t\tReturn to shop\t\t<\/a>\n\t<\/p>\n<\/div>\t\t\t\t<\/div>\n\t\t\t\t<\/div>\n\t\t\t\t\t<\/div>\n\t\t\t\t<\/div>\n\t\t\t\t<\/div>\n\t\t","protected":false},"excerpt":{"rendered":"<p>Remove item Thumbnail image Product Price Quantity Subtotal &times; Test kabel F\u00e4rg: Gul L\u00e4ngd: 20 cm Kabelsko 1: R\u00f6rkabelsko 95 mm\u00b2 &#8211; M8, st Kabelsko 2: R\u00f6rkabelsko 95 mm\u00b2 &#8211; M12, st Krympslang 1: test casing Krympslang 2: test casing &#8211; Copy 12,50&nbsp;&#107;&#114; Test kabel quantity 12,50&nbsp;&#107;&#114; (incl. VAT) &times; R\u00f6rkabelsko 95 mm\u00b2 &#8211; M8, [&hellip;]<\/p>\n","protected":false},"author":1,"featured_media":0,"parent":0,"menu_order":0,"comment_status":"closed","ping_status":"closed","template":"","meta":{"_acf_changed":false,"_seopress_robots_primary_cat":"","_seopress_titles_title":"","_seopress_titles_desc":"","_seopress_robots_index":"","editor_notices":[],"footnotes":""},"Pagecategories":[],"class_list":["post-31","page","type-page","status-publish"],"acf":[],"meta_box":[],"_links":{"self":[{"href":"https:\/\/sutars.com\/en\/wp-json\/wp\/v2\/pages\/31","targetHints":{"allow":["GET"]}}],"collection":[{"href":"https:\/\/sutars.com\/en\/wp-json\/wp\/v2\/pages"}],"about":[{"href":"https:\/\/sutars.com\/en\/wp-json\/wp\/v2\/types\/page"}],"author":[{"embeddable":true,"href":"https:\/\/sutars.com\/en\/wp-json\/wp\/v2\/users\/1"}],"replies":[{"embeddable":true,"href":"https:\/\/sutars.com\/en\/wp-json\/wp\/v2\/comments?post=31"}],"version-history":[{"count":14,"href":"https:\/\/sutars.com\/en\/wp-json\/wp\/v2\/pages\/31\/revisions"}],"predecessor-version":[{"id":14079,"href":"https:\/\/sutars.com\/en\/wp-json\/wp\/v2\/pages\/31\/revisions\/14079"}],"wp:attachment":[{"href":"https:\/\/sutars.com\/en\/wp-json\/wp\/v2\/media?parent=31"}],"wp:term":[{"taxonomy":"Pagecategories","embeddable":true,"href":"https:\/\/sutars.com\/en\/wp-json\/wp\/v2\/Pagecategories?post=31"}],"curies":[{"name":"wp","href":"https:\/\/api.w.org\/{rel}","templated":true}]}}