{"id":67,"date":"2025-02-17T10:53:10","date_gmt":"2025-02-17T09:53:10","guid":{"rendered":"https:\/\/dev-site.se\/sutars.com\/?page_id=67"},"modified":"2025-10-22T13:27:40","modified_gmt":"2025-10-22T11:27:40","slug":"contact-us","status":"publish","type":"page","link":"https:\/\/sutars.com\/en\/contact-us\/","title":{"rendered":"Contact us"},"content":{"rendered":"\t\t<div data-elementor-type=\"wp-page\" data-elementor-id=\"67\" class=\"elementor elementor-67\" data-elementor-post-type=\"page\">\n\t\t\t\t<div data-particle_enable=\"false\" data-particle-mobile-disabled=\"false\" class=\"elementor-element elementor-element-287873ac e-flex e-con-boxed e-con e-parent\" data-id=\"287873ac\" data-element_type=\"container\" data-settings=\"{&quot;background_background&quot;:&quot;classic&quot;}\">\n\t\t\t\t\t<div class=\"e-con-inner\">\n\t\t<div data-particle_enable=\"false\" data-particle-mobile-disabled=\"false\" class=\"elementor-element elementor-element-4c4d3f17 e-con-full e-flex elementor-invisible e-con e-child\" data-id=\"4c4d3f17\" data-element_type=\"container\" data-settings=\"{&quot;background_background&quot;:&quot;gradient&quot;,&quot;animation&quot;:&quot;fadeInUp&quot;}\">\n\t\t\t\t<div class=\"elementor-element elementor-element-1a9e352 elementor-widget elementor-widget-heading\" data-id=\"1a9e352\" data-element_type=\"widget\" data-widget_type=\"heading.default\">\n\t\t\t\t<div class=\"elementor-widget-container\">\n\t\t\t\t\t<h1 class=\"elementor-heading-title elementor-size-default\">Contact us<\/h1>\t\t\t\t<\/div>\n\t\t\t\t<\/div>\n\t\t\t\t<\/div>\n\t\t\t\t\t<\/div>\n\t\t\t\t<\/div>\n\t\t<div data-particle_enable=\"false\" data-particle-mobile-disabled=\"false\" class=\"elementor-element elementor-element-4a139eb1 e-flex e-con-boxed e-con e-parent\" data-id=\"4a139eb1\" data-element_type=\"container\" data-settings=\"{&quot;background_background&quot;:&quot;classic&quot;}\">\n\t\t\t\t\t<div class=\"e-con-inner\">\n\t\t\t\t<div class=\"elementor-element elementor-element-2f89c4da elementor-widget__width-inherit elementor-widget elementor-widget-eael-breadcrumbs\" data-id=\"2f89c4da\" data-element_type=\"widget\" data-widget_type=\"eael-breadcrumbs.default\">\n\t\t\t\t<div class=\"elementor-widget-container\">\n\t\t\t\t\t\t\t<div class=\"eael-breadcrumbs\">\n\t\t\t<div class=\"eael-breadcrumbs__content\"><a href=\"https:\/\/sutars.com\/en\">Home<\/a> <span class=\"eael-breadcrumb-separator\">\/<\/span> <span class = \"eael-current\">Page<\/span><\/div>\t\t<\/div>\n\t\t\t\t\t\t<\/div>\n\t\t\t\t<\/div>\n\t\t<div data-particle_enable=\"false\" data-particle-mobile-disabled=\"false\" class=\"elementor-element elementor-element-45e23acc e-con-full e-flex e-con e-child\" data-id=\"45e23acc\" data-element_type=\"container\" data-settings=\"{&quot;background_background&quot;:&quot;classic&quot;}\">\n\t\t\t\t<div class=\"elementor-element elementor-element-2b2d1d39 elementor-widget elementor-widget-heading\" data-id=\"2b2d1d39\" data-element_type=\"widget\" data-widget_type=\"heading.default\">\n\t\t\t\t<div class=\"elementor-widget-container\">\n\t\t\t\t\t<h2 class=\"elementor-heading-title elementor-size-default\">Sutars AB<\/h2>\t\t\t\t<\/div>\n\t\t\t\t<\/div>\n\t\t\t\t<div class=\"elementor-element elementor-element-13f2b9bb elementor-widget elementor-widget-text-editor\" data-id=\"13f2b9bb\" data-element_type=\"widget\" data-widget_type=\"text-editor.default\">\n\t\t\t\t<div class=\"elementor-widget-container\">\n\t\t\t\t\t\t\t\t\t<p>Br\u00f6sarpsv\u00e4gen 19<br \/>275 72 L\u00f6vestad, Sweden<\/p><p>For support questions email <a href=\"mailto:support@sutars.com\">support@sutars.com<\/a><br \/>For other questions, please email <a href=\"mailto:kontakt@sutars.com\">kontakt@sutars.com<\/a> or call <a href=\"tel:+4686643400\">+46 (0)8 664 34 00<\/a>.<\/p><p>Our phone hours are:<br \/>Monday to Thursday 8.30-11.30 &amp; 13.00-16.00.<br \/>Friday 8.30-11.30 &amp; 13.00-14.00.<\/p>\t\t\t\t\t\t\t\t<\/div>\n\t\t\t\t<\/div>\n\t\t\t\t<\/div>\n\t\t<div data-particle_enable=\"false\" data-particle-mobile-disabled=\"false\" class=\"elementor-element elementor-element-5a435db7 e-con-full e-flex e-con e-child\" data-id=\"5a435db7\" data-element_type=\"container\">\n\t\t\t\t<div class=\"elementor-element elementor-element-824beea elementor-widget elementor-widget-google_maps\" data-id=\"824beea\" data-element_type=\"widget\" data-widget_type=\"google_maps.default\">\n\t\t\t\t<div class=\"elementor-widget-container\">\n\t\t\t\t\t\t\t<div class=\"elementor-custom-embed\">\n\t\t\t<iframe loading=\"lazy\"\n\t\t\t\t\tsrc=\"https:\/\/maps.google.com\/maps?q=Br%C3%B6sarpsv%C3%A4gen%2019%20275%2072%20L%C3%B6vestad&#038;t=m&#038;z=12&#038;output=embed&#038;iwloc=near\"\n\t\t\t\t\ttitle=\"Br\u00f6sarpsv\u00e4gen 19 275 72 L\u00f6vestad\"\n\t\t\t\t\taria-label=\"Br\u00f6sarpsv\u00e4gen 19 275 72 L\u00f6vestad\"\n\t\t\t><\/iframe>\n\t\t<\/div>\n\t\t\t\t\t\t<\/div>\n\t\t\t\t<\/div>\n\t\t\t\t<\/div>\n\t\t\t\t\t<\/div>\n\t\t\t\t<\/div>\n\t\t\t\t<\/div>\n\t\t","protected":false},"excerpt":{"rendered":"<p>Home \/ Page Br\u00f6sarpsv\u00e4gen 19275 72 L\u00f6vestad, Sweden For support questions email support@sutars.comFor other questions, please email kontakt@sutars.com or call +46 (0)8 664 34 00. Our phone hours are:Monday to Thursday 8.30-11.30 &amp; 13.00-16.00.Friday 8.30-11.30 &amp; 13.00-14.00.<\/p>\n","protected":false},"author":3,"featured_media":0,"parent":0,"menu_order":0,"comment_status":"closed","ping_status":"closed","template":"","meta":{"_acf_changed":false,"_seopress_robots_primary_cat":"","_seopress_titles_title":"Contact | Sutars","_seopress_titles_desc":"Here you can find our contact details. Get in touch with us and we will get back to you as soon as we can!","_seopress_robots_index":"","editor_notices":[],"footnotes":""},"Pagecategories":[],"class_list":["post-67","page","type-page","status-publish"],"acf":[],"meta_box":[],"_links":{"self":[{"href":"https:\/\/sutars.com\/en\/wp-json\/wp\/v2\/pages\/67","targetHints":{"allow":["GET"]}}],"collection":[{"href":"https:\/\/sutars.com\/en\/wp-json\/wp\/v2\/pages"}],"about":[{"href":"https:\/\/sutars.com\/en\/wp-json\/wp\/v2\/types\/page"}],"author":[{"embeddable":true,"href":"https:\/\/sutars.com\/en\/wp-json\/wp\/v2\/users\/3"}],"replies":[{"embeddable":true,"href":"https:\/\/sutars.com\/en\/wp-json\/wp\/v2\/comments?post=67"}],"version-history":[{"count":17,"href":"https:\/\/sutars.com\/en\/wp-json\/wp\/v2\/pages\/67\/revisions"}],"predecessor-version":[{"id":14096,"href":"https:\/\/sutars.com\/en\/wp-json\/wp\/v2\/pages\/67\/revisions\/14096"}],"wp:attachment":[{"href":"https:\/\/sutars.com\/en\/wp-json\/wp\/v2\/media?parent=67"}],"wp:term":[{"taxonomy":"Pagecategories","embeddable":true,"href":"https:\/\/sutars.com\/en\/wp-json\/wp\/v2\/Pagecategories?post=67"}],"curies":[{"name":"wp","href":"https:\/\/api.w.org\/{rel}","templated":true}]}}